{"id":1176,"date":"2020-03-26T16:29:29","date_gmt":"2020-03-26T16:29:29","guid":{"rendered":"http:\/\/bomeca.it\/privacy-policy\/"},"modified":"2020-07-29T08:10:48","modified_gmt":"2020-07-29T08:10:48","slug":"privacy-policy","status":"publish","type":"page","link":"https:\/\/bomeca.it\/de\/privacy-policy\/","title":{"rendered":"Policy"},"content":{"rendered":"<section  class='av_textblock_section av-kd73ag8d-0964c81247958ed0bc4aafe9d91222ab '   itemscope=\"itemscope\" itemtype=\"https:\/\/schema.org\/CreativeWork\" ><div class='avia_textblock'  itemprop=\"text\" ><div class=\"container_wrap container_wrap_first main_color fullsize\">\n<div class=\"container\">\n<article class=\"post-entry post-entry-type-page post-entry-3\">\n<div class=\"entry-content-wrapper clearfix\">\n<div class=\"entry-content\">\n<div class=\"container\">\n<div class=\"row\">\n<div class=\"col-md-12 text-justify\">\n<p>Die &#8222;Site&#8220; (bomeca.it) verwendet Cookies, um ihre Dienste f\u00fcr Benutzer, die die Seiten von bomeca.it anzeigen, einfach und effizient zu gestalten. Benutzer, die die Site anzeigen, werden in kleinen Textdateien, die als &#8222;Cookies&#8220; bezeichnet werden und in den vom Webbrowser des Benutzers verwendeten Verzeichnissen gespeichert sind, nur minimale Mengen an Informationen in die verwendeten Ger\u00e4te, dh Computer und mobile Ger\u00e4te, eingef\u00fcgt. Es gibt verschiedene Arten von Cookies, einige, um die Nutzung der Website effektiver zu gestalten, andere, um bestimmte Funktionen zu aktivieren.<\/p>\n<p>Durch detaillierte Analyse unserer Cookies k\u00f6nnen Sie:<\/p>\n<ul>\n<li>merke dir die eingegebenen Einstellungen;<\/li>\n<li>Vermeiden Sie es, w\u00e4hrend des Besuchs dieselben Informationen wie Benutzername und Passwort mehrmals einzugeben.<\/li>\n<li>Analysieren Sie die Nutzung der von bomeca.it bereitgestellten Dienste und Inhalte, um das Surferlebnis und die angebotenen Dienste zu optimieren.<\/li>\n<\/ul>\n<h2>ARTEN VON COOKIES<\/h2>\n<h3>TECHNISCHE COOKIES<\/h3>\n<p>Diese Art von Cookie erm\u00f6glicht es bestimmten Abschnitten der Website, ordnungsgem\u00e4\u00df zu funktionieren. Sie lassen sich in zwei Kategorien einteilen: Persistent und Sitzung:<\/p>\n<ul>\n<li>persistent: Sobald der Browser geschlossen ist, werden sie nicht zerst\u00f6rt, sondern bleiben bis zu einem voreingestellten Ablaufdatum erhalten<\/li>\n<li>Sitzung: Sie werden jedes Mal zerst\u00f6rt, wenn der Browser geschlossen wird<\/li>\n<\/ul>\n<p>Diese Cookies, die immer von unserer Domain gesendet werden, sind erforderlich, um die Website korrekt anzuzeigen. In Bezug auf die angebotenen technischen Dienste werden sie daher immer verwendet und gesendet, es sei denn, der Benutzer \u00e4ndert die Einstellungen in seinem Browser (was sich auf die Anzeige der Website auswirkt) Seiten).<\/p>\n<h3>ANALYTISCHE COOKIES<\/h3>\n<p>Cookies in dieser Kategorie werden verwendet, um Informationen \u00fcber die Nutzung der Website zu sammeln. Bomeca.it wird diese Informationen f\u00fcr anonyme statistische Analysen verwenden, um die Nutzung der Website zu verbessern und den Inhalt interessanter und relevanter f\u00fcr die W\u00fcnsche der Benutzer zu machen. Diese Art von Cookies sammelt anonyme Daten \u00fcber Benutzeraktivit\u00e4ten und deren Ankunft auf der Website. Analytische Cookies werden von der Website selbst oder von Dom\u00e4nen Dritter gesendet.<\/p>\n<h3>ANALYSE-COOKIES VON DRITTANBIETERDIENSTEN<\/h3>\n<p>Diese Cookies werden verwendet, um anonym Informationen \u00fcber die Nutzung der Website durch Benutzer zu sammeln, z. B.: Besuchte Seiten, aufgewendete Zeit, Herkunft des Ursprungsverkehrs, geografische Herkunft, Alter, Geschlecht und Interessen f\u00fcr Marketingkampagnen . Diese Cookies werden von Drittanbieter-Domains au\u00dferhalb der Website gesendet.<\/p>\n<h3>COOKIES ZUR INTEGRATION VON SOFTWAREPRODUKTEN UND -FUNKTIONEN VON DRITTANBIETERN<\/h3>\n<p>Diese Art von Cookie integriert Funktionen, die von Dritten auf den Seiten der Website entwickelt wurden, wie z. B. Symbole und Einstellungen, die in sozialen Netzwerken zum Zweck der Weitergabe von Website-Inhalten oder zur Verwendung von Softwarediensten von Drittanbietern (z. B. Software f\u00fcr) ausgedr\u00fcckt werden Karten und zus\u00e4tzliche Software erstellen, die zus\u00e4tzliche Dienste anbieten). Diese Cookies werden von Drittanbieter-Domains und von Partner-Websites gesendet, die ihre Funktionalit\u00e4t auf den Seiten der Website anbieten.<\/p>\n<h3>PROFILING VON COOKIES<\/h3>\n<p>Dies sind die Cookies, die zum Erstellen von Benutzerprofilen erforderlich sind, um Werbebotschaften gem\u00e4\u00df den vom Benutzer auf den Seiten der Website ge\u00e4u\u00dferten Pr\u00e4ferenzen zu senden.<\/p>\n<p>Bomeca.it ist nach den geltenden Gesetzen nicht verpflichtet, die Zustimmung zu technischen und analytischen Cookies einzuholen, da diese zur Bereitstellung der angeforderten Dienste erforderlich sind.<\/p>\n<p>F\u00fcr alle anderen Arten von Cookies kann der Benutzer die Zustimmung auf eine oder mehrere der folgenden Arten ausdr\u00fccken:<\/p>\n<ul>\n<li>Durch bestimmte Konfigurationen des verwendeten Browsers oder der zugeh\u00f6rigen Computerprogramme, die zum Navigieren auf den Seiten der Site verwendet werden.<\/li>\n<li>Durch \u00c4ndern der Einstellungen bei der Nutzung von Diensten von Drittanbietern<\/li>\n<\/ul>\n<p><strong>Beide L\u00f6sungen k\u00f6nnen den Benutzer daran hindern, Teile der Site zu verwenden oder anzuzeigen.<\/strong><\/p>\n<h3>WEBSITES UND DIENSTE VON DRITTANBIETERN<\/h3>\n<p>Die Website enth\u00e4lt m\u00f6glicherweise Links zu anderen Websites mit eigenen Datenschutzrichtlinien, die sich von denen von bomeca.it unterscheiden k\u00f6nnen und daher nicht f\u00fcr diese Websites verantwortlich sind.<\/p>\n<h2><\/h2>\n<p class=\"small text-center\">Letzte Aktualisierung 28\/05\/2020<\/p>\n<h2>SO DEAKTIVIEREN SIE COOKIES DURCH KONFIGURIEREN DES BROWSERS<\/h2>\n<p>Wenn Sie mehr dar\u00fcber erfahren m\u00f6chten, wie Ihr Browser beim Surfen Cookies speichert, laden wir Sie ein, diesen Links auf den Websites der jeweiligen Anbieter zu folgen.<\/p>\n<table class=\"table\">\n<tbody>\n<tr>\n<td><a href=\"https:\/\/translate.googleusercontent.com\/translate_c?depth=1&amp;pto=aue&amp;rurl=translate.google.it&amp;sl=it&amp;sp=nmt4&amp;tl=de&amp;u=https:\/\/support.mozilla.org\/it\/kb\/Gestione%2520dei%2520cookie&amp;usg=ALkJrhiJ9q8_g1CWKO0uUcYmqY2_zT0cTw\" target=\"_blank\" rel=\"noopener noreferrer\">Mozilla Firefox<\/a><\/td>\n<td>https:\/\/support.mozilla.org\/it\/kb\/Gestione%20dei%20cookie<\/td>\n<\/tr>\n<tr>\n<td><a href=\"https:\/\/translate.googleusercontent.com\/translate_c?depth=1&amp;pto=aue&amp;rurl=translate.google.it&amp;sl=it&amp;sp=nmt4&amp;tl=de&amp;u=https:\/\/support.google.com\/chrome\/answer\/95647%3Fhl%3Dit&amp;usg=ALkJrhgX1ByZh0OQkWh9-NopzeRdbguqFg\" target=\"_blank\" rel=\"noopener noreferrer\">Google Chrome<\/a><\/td>\n<td>https:\/\/support.google.com\/chrome\/answer\/95647?hl=it<\/td>\n<\/tr>\n<tr>\n<td><a href=\"https:\/\/translate.googleusercontent.com\/translate_c?depth=1&amp;pto=aue&amp;rurl=translate.google.it&amp;sl=it&amp;sp=nmt4&amp;tl=de&amp;u=http:\/\/windows.microsoft.com\/it-it\/windows-vista\/block-or-allow-cookies&amp;usg=ALkJrhgIRXs4w2dtlAf4xE6YQnIb7eE0pQ\" target=\"_blank\" rel=\"noopener noreferrer\">Internet Explorer<\/a><\/td>\n<td>http:\/\/windows.microsoft.com\/it-it\/windows-vista\/block-or-allow-cookies<\/td>\n<\/tr>\n<tr>\n<td><a href=\"https:\/\/translate.googleusercontent.com\/translate_c?depth=1&amp;pto=aue&amp;rurl=translate.google.it&amp;sl=it&amp;sp=nmt4&amp;tl=de&amp;u=https:\/\/support.apple.com\/kb\/PH17191%3Fviewlocale%3Dit_IT%26locale%3Den_US&amp;usg=ALkJrhjaTyAkRg95YJNjflp3PET8g-4Tew\" target=\"_blank\" rel=\"noopener noreferrer\">Safari 6\/7 Mavericks<\/a><\/td>\n<td>https:\/\/support.apple.com\/kb\/PH17191?viewlocale=it_IT&amp;locale=it_IT<\/td>\n<\/tr>\n<tr>\n<td><a href=\"https:\/\/translate.googleusercontent.com\/translate_c?depth=1&amp;pto=aue&amp;rurl=translate.google.it&amp;sl=it&amp;sp=nmt4&amp;tl=de&amp;u=https:\/\/support.apple.com\/kb\/PH19214%3Fviewlocale%3Dit_IT%26locale%3Den_US&amp;usg=ALkJrhh5DLzd8oPuaCLHgVkSDEvIBQ7rdQ\" target=\"_blank\" rel=\"noopener noreferrer\">Safari 8 Yosemite<\/a><\/td>\n<td>https:\/\/support.apple.com\/kb\/PH19214?viewlocale=it_IT&amp;locale=it_IT<\/td>\n<\/tr>\n<tr>\n<td><a href=\"https:\/\/translate.googleusercontent.com\/translate_c?depth=1&amp;pto=aue&amp;rurl=translate.google.it&amp;sl=it&amp;sp=nmt4&amp;tl=de&amp;u=https:\/\/support.apple.com\/it-it\/HT201265&amp;usg=ALkJrhiVxZ-XFhNlfgtZpFXgTXWbx2Ipew\" target=\"_blank\" rel=\"noopener noreferrer\">Safari auf iPhone, iPad oder iPod touch<\/a><\/td>\n<td>https:\/\/support.apple.com\/it-it\/HT201265<\/td>\n<\/tr>\n<\/tbody>\n<\/table>\n<\/div>\n<\/div>\n<\/div>\n<\/div>\n<\/div>\n<\/article>\n<\/div>\n<\/div>\n<\/div><\/section>\n","protected":false},"excerpt":{"rendered":"","protected":false},"author":1,"featured_media":0,"parent":0,"menu_order":0,"comment_status":"closed","ping_status":"open","template":"","meta":{"footnotes":""},"yoast_head":"<!-- This site is optimized with the Yoast SEO plugin v21.3 - https:\/\/yoast.com\/wordpress\/plugins\/seo\/ -->\n<title>Policy - BOMECA<\/title>\n<meta name=\"robots\" content=\"index, follow, max-snippet:-1, max-image-preview:large, max-video-preview:-1\" \/>\n<link rel=\"canonical\" href=\"https:\/\/bomeca.it\/de\/privacy-policy\/\" \/>\n<meta property=\"og:locale\" content=\"de_DE\" \/>\n<meta property=\"og:type\" content=\"article\" \/>\n<meta property=\"og:title\" content=\"Policy - BOMECA\" \/>\n<meta property=\"og:url\" content=\"https:\/\/bomeca.it\/de\/privacy-policy\/\" \/>\n<meta property=\"og:site_name\" content=\"BOMECA\" \/>\n<meta property=\"article:modified_time\" content=\"2020-07-29T08:10:48+00:00\" \/>\n<meta name=\"twitter:card\" content=\"summary_large_image\" \/>\n<meta name=\"twitter:label1\" content=\"Gesch\u00e4tzte Lesezeit\" \/>\n\t<meta name=\"twitter:data1\" content=\"4\u00a0Minuten\" \/>\n<script type=\"application\/ld+json\" class=\"yoast-schema-graph\">{\"@context\":\"https:\/\/schema.org\",\"@graph\":[{\"@type\":\"WebPage\",\"@id\":\"https:\/\/bomeca.it\/de\/privacy-policy\/\",\"url\":\"https:\/\/bomeca.it\/de\/privacy-policy\/\",\"name\":\"Policy - BOMECA\",\"isPartOf\":{\"@id\":\"https:\/\/bomeca.it\/#website\"},\"datePublished\":\"2020-03-26T16:29:29+00:00\",\"dateModified\":\"2020-07-29T08:10:48+00:00\",\"breadcrumb\":{\"@id\":\"https:\/\/bomeca.it\/de\/privacy-policy\/#breadcrumb\"},\"inLanguage\":\"de\",\"potentialAction\":[{\"@type\":\"ReadAction\",\"target\":[\"https:\/\/bomeca.it\/de\/privacy-policy\/\"]}]},{\"@type\":\"BreadcrumbList\",\"@id\":\"https:\/\/bomeca.it\/de\/privacy-policy\/#breadcrumb\",\"itemListElement\":[{\"@type\":\"ListItem\",\"position\":1,\"name\":\"Home\",\"item\":\"https:\/\/bomeca.it\/de\/\"},{\"@type\":\"ListItem\",\"position\":2,\"name\":\"Policy\"}]},{\"@type\":\"WebSite\",\"@id\":\"https:\/\/bomeca.it\/#website\",\"url\":\"https:\/\/bomeca.it\/\",\"name\":\"BOMECA\",\"description\":\"carpenteria\",\"potentialAction\":[{\"@type\":\"SearchAction\",\"target\":{\"@type\":\"EntryPoint\",\"urlTemplate\":\"https:\/\/bomeca.it\/?s={search_term_string}\"},\"query-input\":\"required name=search_term_string\"}],\"inLanguage\":\"de\"}]}<\/script>\n<!-- \/ Yoast SEO plugin. -->","yoast_head_json":{"title":"Policy - BOMECA","robots":{"index":"index","follow":"follow","max-snippet":"max-snippet:-1","max-image-preview":"max-image-preview:large","max-video-preview":"max-video-preview:-1"},"canonical":"https:\/\/bomeca.it\/de\/privacy-policy\/","og_locale":"de_DE","og_type":"article","og_title":"Policy - BOMECA","og_url":"https:\/\/bomeca.it\/de\/privacy-policy\/","og_site_name":"BOMECA","article_modified_time":"2020-07-29T08:10:48+00:00","twitter_card":"summary_large_image","twitter_misc":{"Gesch\u00e4tzte Lesezeit":"4\u00a0Minuten"},"schema":{"@context":"https:\/\/schema.org","@graph":[{"@type":"WebPage","@id":"https:\/\/bomeca.it\/de\/privacy-policy\/","url":"https:\/\/bomeca.it\/de\/privacy-policy\/","name":"Policy - BOMECA","isPartOf":{"@id":"https:\/\/bomeca.it\/#website"},"datePublished":"2020-03-26T16:29:29+00:00","dateModified":"2020-07-29T08:10:48+00:00","breadcrumb":{"@id":"https:\/\/bomeca.it\/de\/privacy-policy\/#breadcrumb"},"inLanguage":"de","potentialAction":[{"@type":"ReadAction","target":["https:\/\/bomeca.it\/de\/privacy-policy\/"]}]},{"@type":"BreadcrumbList","@id":"https:\/\/bomeca.it\/de\/privacy-policy\/#breadcrumb","itemListElement":[{"@type":"ListItem","position":1,"name":"Home","item":"https:\/\/bomeca.it\/de\/"},{"@type":"ListItem","position":2,"name":"Policy"}]},{"@type":"WebSite","@id":"https:\/\/bomeca.it\/#website","url":"https:\/\/bomeca.it\/","name":"BOMECA","description":"carpenteria","potentialAction":[{"@type":"SearchAction","target":{"@type":"EntryPoint","urlTemplate":"https:\/\/bomeca.it\/?s={search_term_string}"},"query-input":"required name=search_term_string"}],"inLanguage":"de"}]}},"_links":{"self":[{"href":"https:\/\/bomeca.it\/de\/wp-json\/wp\/v2\/pages\/1176"}],"collection":[{"href":"https:\/\/bomeca.it\/de\/wp-json\/wp\/v2\/pages"}],"about":[{"href":"https:\/\/bomeca.it\/de\/wp-json\/wp\/v2\/types\/page"}],"author":[{"embeddable":true,"href":"https:\/\/bomeca.it\/de\/wp-json\/wp\/v2\/users\/1"}],"replies":[{"embeddable":true,"href":"https:\/\/bomeca.it\/de\/wp-json\/wp\/v2\/comments?post=1176"}],"version-history":[{"count":3,"href":"https:\/\/bomeca.it\/de\/wp-json\/wp\/v2\/pages\/1176\/revisions"}],"predecessor-version":[{"id":1248,"href":"https:\/\/bomeca.it\/de\/wp-json\/wp\/v2\/pages\/1176\/revisions\/1248"}],"wp:attachment":[{"href":"https:\/\/bomeca.it\/de\/wp-json\/wp\/v2\/media?parent=1176"}],"curies":[{"name":"wp","href":"https:\/\/api.w.org\/{rel}","templated":true}]}}